{"id":723,"date":"2021-06-07T11:28:34","date_gmt":"2021-06-07T11:28:34","guid":{"rendered":"https:\/\/kamperen.qodeinteractive.com\/?page_id=723"},"modified":"2025-12-16T19:50:15","modified_gmt":"2025-12-16T18:50:15","slug":"campground-2","status":"publish","type":"page","link":"https:\/\/campingelmerino.com\/","title":{"rendered":"Campground"},"content":{"rendered":"<style>\/*! elementor - v3.19.0 - 28-02-2024 *\/\n.elementor-column .elementor-spacer-inner{height:var(--spacer-size)}.e-con{--container-widget-width:100%}.e-con-inner>.elementor-widget-spacer,.e-con>.elementor-widget-spacer{width:var(--container-widget-width,var(--spacer-size));--align-self:var(--container-widget-align-self,initial);--flex-shrink:0}.e-con-inner>.elementor-widget-spacer>.elementor-widget-container,.e-con>.elementor-widget-spacer>.elementor-widget-container{height:100%;width:100%}.e-con-inner>.elementor-widget-spacer>.elementor-widget-container>.elementor-spacer,.e-con>.elementor-widget-spacer>.elementor-widget-container>.elementor-spacer{height:100%}.e-con-inner>.elementor-widget-spacer>.elementor-widget-container>.elementor-spacer>.elementor-spacer-inner,.e-con>.elementor-widget-spacer>.elementor-widget-container>.elementor-spacer>.elementor-spacer-inner{height:var(--container-widget-height,var(--spacer-size))}.e-con-inner>.elementor-widget-spacer.elementor-widget-empty,.e-con>.elementor-widget-spacer.elementor-widget-empty{position:relative;min-height:22px;min-width:22px}.e-con-inner>.elementor-widget-spacer.elementor-widget-empty .elementor-widget-empty-icon,.e-con>.elementor-widget-spacer.elementor-widget-empty .elementor-widget-empty-icon{position:absolute;top:0;bottom:0;left:0;right:0;margin:auto;padding:0;width:22px;height:22px}<\/style>\n<style>\/*! elementor - v3.19.0 - 28-02-2024 *\/\n.elementor-widget-image-carousel .swiper,.elementor-widget-image-carousel .swiper-container{position:static}.elementor-widget-image-carousel .swiper-container .swiper-slide figure,.elementor-widget-image-carousel .swiper .swiper-slide figure{line-height:inherit}.elementor-widget-image-carousel .swiper-slide{text-align:center}.elementor-image-carousel-wrapper:not(.swiper-container-initialized):not(.swiper-initialized) .swiper-slide{max-width:calc(100% \/ var(--e-image-carousel-slides-to-show, 3))}<\/style>\n<figure><img decoding=\"async\" src=\"https:\/\/campingelmerino.com\/wp-content\/uploads\/2024\/02\/zwembad.1-1.jpg\" alt=\"zwembad.1\" \/><\/figure>\n<figure><img decoding=\"async\" src=\"https:\/\/campingelmerino.com\/wp-content\/uploads\/2024\/02\/kamperen-in-het-groen-1.jpg\" alt=\"kamperen in het groen\" \/><\/figure>\n<figure><img decoding=\"async\" src=\"https:\/\/campingelmerino.com\/wp-content\/uploads\/2024\/02\/glampingtent-2-1.jpg\" alt=\"glampingtent 2\" \/><\/figure>\n<figure><img decoding=\"async\" src=\"https:\/\/campingelmerino.com\/wp-content\/uploads\/2024\/02\/2-1.jpeg\" alt=\"2\" \/><\/figure>\n<p>\t\tSIERRA DE GATA\t<\/p>\n<h2 >\n\t\t\t\t\tNaturaleza, tranquilidad<br \/> y espacio\t\t\t<\/h2>\n<p>El camping el Merino es un mini-camping natural en el campo espa\u00f1ol. Un peque\u00f1o camping r\u00fastico y glamping de propietarios holandeses con parcelas muy amplias, tiendas de campa\u00f1a glamping, instalaciones sanitarias de lujo y una piscina. Lejos de los caminos trillados y del bullicio, en la hermosa naturaleza de la Sierra de Gata en Extremadura.<\/p>\n<p>El Camping el Merino est\u00e1 situado en un entorno natural y es el punto de partida ideal para descubrir la verde y acu\u00e1tica zona monta\u00f1osa de la Sierra de Gata. Un para\u00edso para excursionistas, buscadores de paz, amantes de la naturaleza, ciclistas de monta\u00f1a y carretera, observadores de aves y amantes de la cultura. Cerca de los distintos pueblos con encanto de la Sierra de Gata con arquitectura tradicional, acogedoras plazas y buenos restaurantes.\u00a0Adem\u00e1s, a poca distancia de hermosas ciudades hist\u00f3ricas como Plasencia y, famosas por Juego de Tronos, C\u00e1ceres y Trujillo. A solo 150 km de Salamanca.<\/p>\n<p>En verano, los r\u00edos se embalsan en muchos lugares, creando piscinas naturales.<\/p>\n<p>\t\t\t<a href=\"https:\/\/campingelmerino.com\/?page_id=1530\" target=\"_self\" style=\"padding: 15px 50px\" rel=\"noopener\"><br \/>\n\tConocer mas<br \/>\n<\/a><br \/>\n\t\tMapa\t<\/p>\n<h3 >\n\t\t\t\t\tConsulte el mapa<br \/> del camping\t\t\t<\/h3>\n<h4>\n\t\t\t\t\tMapa detallado<br \/>\n\t\t\t<\/h4>\n<p>Mapa detallado de las parcelas e instalaciones disponibles en el camping.\u00a0<\/p>\n<p>\t\t<a href=\"https:\/\/campingelmerino.com\/wp-content\/uploads\/2022\/07\/MAPA-A4-FINAL.pdf\" target=\"_self\" rel=\"noopener\">\tDescargar\t<\/a>\t<\/p>\n<style>\/*! elementor - v3.19.0 - 28-02-2024 *\/\n.elementor-widget-image{text-align:center}.elementor-widget-image a{display:inline-block}.elementor-widget-image a img[src$=\".svg\"]{width:48px}.elementor-widget-image img{vertical-align:middle;display:inline-block}<\/style>\n<p>\t\t\t\t\t\t\t\t\t\t<img fetchpriority=\"high\" decoding=\"async\" width=\"825\" height=\"617\" src=\"https:\/\/campingelmerino.com\/wp-content\/uploads\/2022\/07\/mapa-camping-elmerino_portada.jpg\" alt=\"\" srcset=\"https:\/\/campingelmerino.com\/wp-content\/uploads\/2022\/07\/mapa-camping-elmerino_portada.jpg 825w, https:\/\/campingelmerino.com\/wp-content\/uploads\/2022\/07\/mapa-camping-elmerino_portada-600x449.jpg 600w, https:\/\/campingelmerino.com\/wp-content\/uploads\/2022\/07\/mapa-camping-elmerino_portada-300x224.jpg 300w, https:\/\/campingelmerino.com\/wp-content\/uploads\/2022\/07\/mapa-camping-elmerino_portada-768x574.jpg 768w\" sizes=\"(max-width: 825px) 100vw, 825px\" \/>\t\t\t\t\t\t\t\t\t\t\t\t\t<\/p>\n<style>\/*! elementor - v3.19.0 - 28-02-2024 *\/\n.elementor-widget-google_maps .elementor-widget-container{overflow:hidden}.elementor-widget-google_maps .elementor-custom-embed{line-height:0}.elementor-widget-google_maps iframe{height:300px}<\/style>\n<p>\t\t\t<iframe loading=\"lazy\"\n\t\t\t\t\tsrc=\"https:\/\/maps.google.com\/maps?q=59J8%2BMQ%20Villasbuenas%20de%20Gata%2C%20Espa%C3%B1a&#038;t=m&#038;z=14&#038;output=embed&#038;iwloc=near\"\n\t\t\t\t\ttitle=\"59J8+MQ Villasbuenas de Gata, Espa\u00f1a\"\n\t\t\t\t\taria-label=\"59J8+MQ Villasbuenas de Gata, Espa\u00f1a\"\n\t\t\t><\/iframe><\/p>\n","protected":false},"excerpt":{"rendered":"<p>SIERRA DE GATA Naturaleza, tranquilidad y espacio El camping el Merino es un mini-camping natural en el campo espa\u00f1ol. Un peque\u00f1o camping r\u00fastico y glamping de propietarios holandeses con parcelas muy amplias, tiendas de campa\u00f1a glamping, instalaciones sanitarias de lujo y una piscina. Lejos de los caminos trillados y del bullicio, en la hermosa naturaleza [&hellip;]<\/p>\n","protected":false},"author":1,"featured_media":0,"parent":0,"menu_order":0,"comment_status":"closed","ping_status":"closed","template":"page-full-width.php","meta":{"footnotes":""},"class_list":["post-723","page","type-page","status-publish","hentry"],"lang":"es","translations":{"es":723,"en":9764,"nl":10528},"pll_sync_post":[],"_links":{"self":[{"href":"https:\/\/campingelmerino.com\/index.php?rest_route=\/wp\/v2\/pages\/723","targetHints":{"allow":["GET"]}}],"collection":[{"href":"https:\/\/campingelmerino.com\/index.php?rest_route=\/wp\/v2\/pages"}],"about":[{"href":"https:\/\/campingelmerino.com\/index.php?rest_route=\/wp\/v2\/types\/page"}],"author":[{"embeddable":true,"href":"https:\/\/campingelmerino.com\/index.php?rest_route=\/wp\/v2\/users\/1"}],"replies":[{"embeddable":true,"href":"https:\/\/campingelmerino.com\/index.php?rest_route=%2Fwp%2Fv2%2Fcomments&post=723"}],"version-history":[{"count":220,"href":"https:\/\/campingelmerino.com\/index.php?rest_route=\/wp\/v2\/pages\/723\/revisions"}],"predecessor-version":[{"id":10978,"href":"https:\/\/campingelmerino.com\/index.php?rest_route=\/wp\/v2\/pages\/723\/revisions\/10978"}],"wp:attachment":[{"href":"https:\/\/campingelmerino.com\/index.php?rest_route=%2Fwp%2Fv2%2Fmedia&parent=723"}],"curies":[{"name":"wp","href":"https:\/\/api.w.org\/{rel}","templated":true}]}}