{"id":3,"date":"2022-06-06T18:39:05","date_gmt":"2022-06-06T18:39:05","guid":{"rendered":"https:\/\/campingelmerino.com\/?page_id=3"},"modified":"2022-08-21T23:46:44","modified_gmt":"2022-08-21T21:46:44","slug":"politica-privacidad","status":"publish","type":"page","link":"https:\/\/campingelmerino.com\/?page_id=3","title":{"rendered":"Pol\u00edtica de privacidad"},"content":{"rendered":"<p>CAMPING EL MERINO ha adecuado esta web a las exigencias de la Ley Org\u00e1nica 03\/2018, de 05 de diciembre, de Protecci\u00f3n de Datos Personales y garant\u00eda de los derechos digitales (LOPDGDD), y al Real Decreto 1720\/2007, de 21 de diciembre, conocido como el Reglamento de desarrollo de la LOPD. Cumple tambi\u00e9n con el Reglamento (UE) 2016\/679 del Parlamento Europeo y del Consejo de 27 de abril de 2016 relativo a la protecci\u00f3n de las personas f\u00edsicas (RGPD), as\u00ed como con la Ley 34\/2002, de 11 de julio, de Servicios de la Sociedad de la Informaci\u00f3n y Comercio Electr\u00f3nico (LSSICE o LSSI). En cumplimiento con el deber de informaci\u00f3n recogido en el art\u00edculo 10 de la Ley 34\/2002, a continuaci\u00f3n se reflejan los siguientes datos identificativos:<\/p>\r\n<p><strong>RESPONSABLE DEL TRATAMIENTO DE TUS DATOS PERSONALES<\/strong><\/p>\r\n<p>Denominaci\u00f3n Social: CAMPING EL MERINO<br \/>Responsable legal: Edith Van Rossum<br \/>Domicilio Social: Carretera EX-205, km 45,5 10858 Villasbuenas de Gata (C\u00e1ceres)<br \/>CIF\/NIF\/PASSPORT:\u00a0<br \/>Tel\u00e9fono: +34 651 849 907 <br \/>E-Mail: <a href=\"mailto:campingelmerino@yahoo.com\">campingelmerino@yahoo.com<\/a><br \/>Sitio Web: https:\/\/www.campingelmerino.com<br \/>Actividad: Hosteler\u00eda y turismo<\/p>\r\n<p>A efectos de lo previsto en el Reglamento General de Protecci\u00f3n de Datos antes citado, los datos personales que me env\u00edes a trav\u00e9s del formulario de la web, recibir\u00e1n el tratamiento de datos de \u201cUsuarios de la web y suscriptores\u201d.<\/p>\r\n<p>Para el tratamiento de datos de mis usuarios, implemento todas las medidas t\u00e9cnicas y organizativas de seguridad establecidas en la legislaci\u00f3n vigente.<\/p>\r\n<p><strong>PRINCIPIOS QUE APLICADOS A TU INFORMACI\u00d3N PERSONAL<\/strong><\/p>\r\n<p>En el tratamiento de los datos personales, se aplican los siguientes principios que se ajustan a las exigencias del nuevo reglamento europeo de protecci\u00f3n de datos:<\/p>\r\n<p>Principio de licitud, lealtad y transparencia: Siempre se requieren datos con tu consentimiento para el tratamiento de tus datos personales para uno o varios fines espec\u00edficos que se informar\u00e1n previamente con absoluta transparencia.<br \/>Principio de minimizaci\u00f3n de datos: Solo se va a solicitar datos estrictamente necesarios en relaci\u00f3n con los fines para los que los requiero. Los m\u00ednimos posibles.<br \/>Principio de limitaci\u00f3n del plazo de conservaci\u00f3n: los datos ser\u00e1n mantenidos durante no m\u00e1s tiempo del necesario para los fines del tratamiento, en funci\u00f3n a la finalidad, te informaremos del plazo de conservaci\u00f3n correspondiente, en el caso de suscripciones, peri\u00f3dicamente se revisar\u00e1n las listas y se eliminar\u00e1n aquellos registros inactivos durante un tiempo considerable.<br \/>Principio de integridad y confidencialidad: Tus datos ser\u00e1n tratados de tal manera que se garantice una seguridad adecuada de los datos personales y se garantice confidencialidad. Debes saber que tomo todas las precauciones necesarias para evitar el acceso no autorizado o uso indebido de los datos de nuestros usuarios por parte de terceros.<\/p>\r\n<p><strong>\u00bfC\u00d3MO OBTENEMOS TUS DATOS?<\/strong><\/p>\r\n<p>Los datos personales que trato en CAMPING EL MERINO proceden de:<\/p>\r\n<p>Correo electr\u00f3nico<br \/>Formulario de contacto<br \/>Formulario de reservas<br \/>Contacto telef\u00f3nico<br \/>Chats (Whatsapp o similares)<\/p>\r\n<p><strong>\u00bfCU\u00c1LES SON TUS DERECHOS CUANDO NOS FACILITAS TUS DATOS?<\/strong><\/p>\r\n<p>Cualquier persona tiene derecho a obtener confirmaci\u00f3n sobre si en CAMPING EL MERINO estamos tratando datos personales que nos concierne, o no.<\/p>\r\n<p>Las personas interesadas tienen derecho a:<\/p>\r\n<p>Solicitar el acceso a los datos personales relativos al interesado<br \/>Solicitar su rectificaci\u00f3n o supresi\u00f3n<br \/>Solicitar la limitaci\u00f3n de su tratamiento<br \/>Oponerse al tratamiento<br \/>Solicitar la portabilidad de los datos<br \/>Los interesados podr\u00e1n acceder a sus datos personales, as\u00ed como a solicitar la rectificaci\u00f3n de los datos inexactos o, en su caso, solicitar su supresi\u00f3n cuando, entre otros motivos, los datos ya no sean necesarios para los fines que fueron recogidos. En determinadas circunstancias, los interesados podr\u00e1n solicitar la imitaci\u00f3n del tratamiento de sus datos, en cuyo caso \u00fanicamente los conservaremos para el ejercicio o la defensa de reclamaciones.<\/p>\r\n<p>En determinadas circunstancias y por motivos relacionados con su situaci\u00f3n particular, los interesados podr\u00e1n oponerse al tratamiento de sus datos. CAMPING EL MERINO dejar\u00e1 de tratar los datos, salvo por motivos leg\u00edtimos imperiosos, o el ejercicio o la defensa de posibles reclamaciones. C\u00f3mo interesado, tienes derecho a recibir los datos personales que te incumban, que me hayas facilitado y en un formato estructurado, de uso com\u00fan y lectura mec\u00e1nica, y a transmitirlos a otro responsable del tratamiento cuando:<\/p>\r\n<p>El tratamiento est\u00e9 basado en el consentimiento<br \/>Los datos hayan sido facilitados por la persona interesada.<br \/>El tratamiento se efect\u00fae por medios automatizados.<br \/>Al ejercer tu derecho a la portabilidad de los datos, tendr\u00e1s derecho a que los datos personales se transmitan directamente de responsable a responsable cuando sea t\u00e9cnicamente posible.<\/p>\r\n<p>Los interesados tambi\u00e9n tendr\u00e1n derecho a la tutela judicial efectiva y a presentar una reclamaci\u00f3n ante la autoridad de control, en este caso, la Agencia Espa\u00f1ola de Protecci\u00f3n de Datos, si consideran que el tratamiento de datos personales que le conciernen infringe el Reglamento.<\/p>\r\n<p><strong>\u00bfCON QU\u00c9 FINALIDAD TRATO TUS DATOS PERSONALES?<\/strong><\/p>\r\n<p>Cuando un usuario se conecta con esta web por ejemplo para comentar un post o mandar un correo al titular est\u00e1 facilitando informaci\u00f3n de car\u00e1cter personal de la que es responsable CAMPING EL MERINO. Esa informaci\u00f3n puede incluir datos de car\u00e1cter personal como pueden ser tu direcci\u00f3n IP, nombre, direcci\u00f3n de correo electr\u00f3nico, n\u00famero de tel\u00e9fono, y otra informaci\u00f3n. Al facilitar esta informaci\u00f3n, el usuario da su consentimiento para que su informaci\u00f3n sea recopilada, utilizada, gestionada y almacenada por https:\/\/www.campingtorrelasal.com, s\u00f3lo como se describe en el Aviso Legal y en la presente Pol\u00edtica de Privacidad.<\/p>\r\n<p>De acuerdo a lo establecido en el reglamento general de protecci\u00f3n de datos europeo (RGPD) 2016\/679, LA TITULAR con domicilio indicado mas arriba, ser\u00e1 responsable del tratamiento de los datos correspondientes a Usuarios de la web y suscriptores.<\/p>\r\n<p>CAMPING EL MERINO, no vende, alquila ni cede datos de car\u00e1cter personal que puedan identificar al usuario, ni lo har\u00e1 en el futuro, a terceros sin el consentimiento previo.<\/p>\r\n<p><strong>LEGITIMACI\u00d3N PARA EL TRATAMIENTO DE TUS DATOS<\/strong><\/p>\r\n<p>La base legal para el tratamiento de sus datos es: el consentimiento.<\/p>\r\n<p>Para contactar o realizar comentarios en esta web se requiere el consentimiento con esta pol\u00edtica de privacidad.<\/p>\r\n<p>La oferta prospectiva o comercial de productos y servicios est\u00e1 basada en el consentimiento que se le solicita, sin que en ning\u00fan caso la retirada de este consentimiento condicione la ejecuci\u00f3n del contrato de suscripci\u00f3n.<\/p>\r\n<p><strong>CATEGOR\u00cdA DE DATOS<\/strong><\/p>\r\n<p>Las categor\u00edas de datos que se tratan son datos identificativos.<\/p>\r\n<p>No se tratan categor\u00edas de datos especialmente protegidos.<\/p>\r\n<p><strong>\u00bfPOR CU\u00c1NTO TIEMPO CONSERVAR\u00c9 TUS DATOS?<\/strong><\/p>\r\n<p>Los datos personales proporcionados se conservar\u00e1n:<\/p>\r\n<p>Hasta que no se solicite su supresi\u00f3n por el interesado.<\/p>\r\n<p><strong>NAVEGACI\u00d3N<\/strong><\/p>\r\n<p>Al navegar por https:\/\/www.campingelmerino.com se pueden recoger datos no identificables, que pueden incluir, direcciones IP, ubicaci\u00f3n geogr\u00e1fica (aproximadamente), un registro de c\u00f3mo se utilizan los servicios y sitios, y otros datos que no pueden ser utilizados para identificar al usuario. Entre los datos no identificativos est\u00e1n tambi\u00e9n los relacionados a tus h\u00e1bitos de navegaci\u00f3n a trav\u00e9s de servicios de terceros.<\/p>\r\n<p>Utilizo esta informaci\u00f3n para analizar tendencias, administrar el sitio, rastrear los movimientos de los usuarios alrededor del sitio y para recopilar informaci\u00f3n demogr\u00e1fica sobre mi base de usuarios en su conjunto.<\/p>\r\n<p><strong>SECRETO Y SEGURIDAD DE LOS DATOS<\/strong><\/p>\r\n<p>https:\/\/www.campingelmerino.com se compromete en el uso y tratamiento de los datos incluidos personales de los usuarios, respetando su confidencialidad y a utilizarlos de acuerdo con la finalidad del mismo, as\u00ed como a dar cumplimiento a su obligaci\u00f3n de guardarlos y adaptar todas las medidas para evitar la alteraci\u00f3n, p\u00e9rdida, tratamiento o acceso no autorizado, de conformidad con lo establecido en la normativa vigente de protecci\u00f3n de datos.<\/p>\r\n<p>https:\/\/www.campingelmerino.com no puede garantizar la absoluta inexpugnabilidad de la red Internet y por tanto la violaci\u00f3n de los datos mediante accesos fraudulentos a ellos por parte de terceros.<\/p>\r\n<p>Cuando se presente alg\u00fan incidente de seguridad, al darse cuenta CAMPING EL MERINO, deber\u00e1 notificar al Cliente sin demoras indebidas y deber\u00e1 proporcionar informaci\u00f3n oportuna relacionada con el Incidente de Seguridad tal como se conozca o cuando el Cliente lo solicite razonablemente.<\/p>\r\n<p><strong>EXACTITUD Y VERACIDAD DE LOS DATOS<\/strong><\/p>\r\n<p>Como usuario, eres el \u00fanico responsable de la veracidad y correcci\u00f3n de los datos que remitas a https:\/\/www.campingelmerino.com exonerando a CAMPING EL MERINO, de cualquier responsabilidad al respecto.<\/p>\r\n<p>Los usuarios garantizan y responden, en cualquier caso, de la exactitud, vigencia y autenticidad de los datos personales facilitados, y se comprometen a mantenerlos debidamente actualizados. El usuario acepta proporcionar informaci\u00f3n completa y correcta en el formulario de contacto o suscripci\u00f3n.<\/p>\r\n<p><strong>ACEPTACI\u00d3N Y CONSENTIMIENTO<\/strong><\/p>\r\n<p>El usuario declara haber sido informado de las condiciones sobre protecci\u00f3n de datos de car\u00e1cter personal, aceptando y consintiendo el tratamiento de los mismos por parte de CAMPING EL MERINO en la forma y para las finalidades indicadas en esta pol\u00edtica de privacidad.<\/p>\r\n<p><strong>REVOCABILIDAD<\/strong><\/p>\r\n<p>El consentimiento prestado, tanto para el tratamiento como para la cesi\u00f3n de los datos de los interesados, es revocable en cualquier momento comunic\u00e1ndolo a CAMPING EL MERINO en los t\u00e9rminos establecidos en esta Pol\u00edtica para el ejercicio de los derechos ARCO. Esta revocaci\u00f3n en ning\u00fan caso tendr\u00e1 car\u00e1cter retroactivo.<\/p>\r\n<p><strong>CAMBIOS EN LA POL\u00cdTICA DE PRIVACIDAD<\/strong><\/p>\r\n<p>CAMPING EL MERINO se reserva el derecho a modificar la presente pol\u00edtica para adaptarla a novedades legislativas o jurisprudenciales, as\u00ed como a pr\u00e1cticas de la industria. En dichos supuestos, CAMPING EL MERINO anunciar\u00e1 en esta p\u00e1gina los cambios introducidos con razonable antelaci\u00f3n a su puesta en pr\u00e1ctica.<\/p>\r\n<p><strong>CORREOS COMERCIALES<\/strong><\/p>\r\n<p>De acuerdo con la LSSICE, https:\/\/www.campingelmerino.com no realiza pr\u00e1cticas de SPAM, por lo que no env\u00eda correos comerciales por v\u00eda electr\u00f3nica que no hayan sido previamente solicitados o autorizados por el usuario. En consecuencia, en cada uno de los formularios habidos en la web, el usuario tiene la posibilidad de dar su consentimiento expreso para recibir el bolet\u00edn, con independencia de la informaci\u00f3n comercial puntualmente solicitada.<\/p>\r\n<p>Conforme a lo dispuesto en la Ley 34\/2002 de Servicios de la Sociedad de la Informaci\u00f3n y de comercio electr\u00f3nico https:\/\/www.campingelmerino.com se compromete a no enviar comunicaciones de car\u00e1cter comercial sin identificarlas debidamente.<\/p>\r\n<p>Documento revisado el 17-06-2022.<\/p>","protected":false},"excerpt":{"rendered":"<p>CAMPING EL MERINO ha adecuado esta web a las exigencias de la Ley Org\u00e1nica 03\/2018, de 05 de diciembre, de Protecci\u00f3n de Datos Personales y garant\u00eda de los derechos digitales (LOPDGDD), y al Real Decreto 1720\/2007, de 21 de diciembre, conocido como el Reglamento de desarrollo de la LOPD. Cumple tambi\u00e9n con el Reglamento (UE) [&hellip;]<\/p>\n","protected":false},"author":1,"featured_media":0,"parent":0,"menu_order":0,"comment_status":"closed","ping_status":"open","template":"","meta":{"footnotes":""},"class_list":["post-3","page","type-page","status-publish","hentry"],"lang":"es","translations":{"es":3},"pll_sync_post":[],"_links":{"self":[{"href":"https:\/\/campingelmerino.com\/index.php?rest_route=\/wp\/v2\/pages\/3","targetHints":{"allow":["GET"]}}],"collection":[{"href":"https:\/\/campingelmerino.com\/index.php?rest_route=\/wp\/v2\/pages"}],"about":[{"href":"https:\/\/campingelmerino.com\/index.php?rest_route=\/wp\/v2\/types\/page"}],"author":[{"embeddable":true,"href":"https:\/\/campingelmerino.com\/index.php?rest_route=\/wp\/v2\/users\/1"}],"replies":[{"embeddable":true,"href":"https:\/\/campingelmerino.com\/index.php?rest_route=%2Fwp%2Fv2%2Fcomments&post=3"}],"version-history":[{"count":2,"href":"https:\/\/campingelmerino.com\/index.php?rest_route=\/wp\/v2\/pages\/3\/revisions"}],"predecessor-version":[{"id":9106,"href":"https:\/\/campingelmerino.com\/index.php?rest_route=\/wp\/v2\/pages\/3\/revisions\/9106"}],"wp:attachment":[{"href":"https:\/\/campingelmerino.com\/index.php?rest_route=%2Fwp%2Fv2%2Fmedia&parent=3"}],"curies":[{"name":"wp","href":"https:\/\/api.w.org\/{rel}","templated":true}]}}